{"id":497,"date":"2024-03-13T19:36:10","date_gmt":"2024-03-13T19:36:10","guid":{"rendered":"https:\/\/flora-alba.ca\/?post_type=product&#038;p=497"},"modified":"2024-09-12T18:03:24","modified_gmt":"2024-09-12T18:03:24","slug":"venus-oil-spray","status":"publish","type":"product","link":"https:\/\/flora-alba.ca\/es\/producto\/venus-oil-spray\/","title":{"rendered":"Aerosol de aceite de Venus"},"content":{"rendered":"<h3><span data-sheets-root=\"1\" data-sheets-value=\"{&quot;1&quot;:2,&quot;2&quot;:&quot;As women, our sexual health is very important to our overall fulfillment because women have a hard time sharing their experiences with the feeling of numbness or pain during sex which leads to low sex drive, low energy &amp; even things like prolapse. \\nSo if you are looking for fun &amp; relief to start enjoying sex \u2013 we have a solution to your problem! \\nIntroducing our FLORA ALBA \u2013 VENUS OIL SPRAY! \\nA MUST TRY PRODUCT mainly organic safe &amp; easy to use for your daily routine. \\n\\nHere some of the benefits of using FLORA ALBA VENUS OIL SPRAY: \\n1. It will increase pleasure during sex\\n2. It helps pelvic muscles to relax &amp; open up to alleviate the symptoms to enjoy more sex\\n3. It helps to stimulate the &amp; increase blood flow while potentially decrease inflammation\\n4. FLORA ALBA VENUS OIL SPRAY turns the pleasure up while turning the pain down\\n\\nFLORA ALBA OINTMENT \\nOur ointment is made of purely natural and organic materials. \\nIt contains no preservative materials. No parabens or any other chemical additives. \\nThe combination of cold pressed organic oil and other active natural ingredients. \\n\\nIt is suitable for treatment to all to all skin surface afflictions and even can be also applied by massaging and spreading in cases of muscle aches, leg and elbow pain and other kind of injuries. The ointment also treats eczema, atopic dermatitis, dry skin and contact Dermatitis in all areas of the body. \\n\\nFLORA ALBA USAGE: \\nthe ointment should be applied on the desired areas and massage gently for 20 seconds. \\nLeave it open and wait for 20 minutes, for the best absorption. usage can be repeated every 4 hours. \\nIt can be used with children over 10 years old &amp; above and also for pets. \\nNo to be used on open wounds. For external only. Keep it in a dark and cold place. It is advised not to exposed to direct sunlight after usage. \\n\\nINGREDIENTS:\\nOrganic coconut oil, organic shea butter, organic cocoa butter, organic olive oil, organic hemp oil, tea tree and other oil, vitamin E. &quot;}\" data-sheets-userformat=\"{&quot;2&quot;:897,&quot;3&quot;:{&quot;1&quot;:0},&quot;10&quot;:1,&quot;11&quot;:4,&quot;12&quot;:0}\">Aqu\u00ed algunos de los beneficios de usar FLORA ALBA VENUS OIL SPRAY:<\/span><\/h3>\n<p><span data-sheets-root=\"1\" data-sheets-value=\"{&quot;1&quot;:2,&quot;2&quot;:&quot;As women, our sexual health is very important to our overall fulfillment because women have a hard time sharing their experiences with the feeling of numbness or pain during sex which leads to low sex drive, low energy &amp; even things like prolapse. \\nSo if you are looking for fun &amp; relief to start enjoying sex \u2013 we have a solution to your problem! \\nIntroducing our FLORA ALBA \u2013 VENUS OIL SPRAY! \\nA MUST TRY PRODUCT mainly organic safe &amp; easy to use for your daily routine. \\n\\nHere some of the benefits of using FLORA ALBA VENUS OIL SPRAY: \\n1. It will increase pleasure during sex\\n2. It helps pelvic muscles to relax &amp; open up to alleviate the symptoms to enjoy more sex\\n3. It helps to stimulate the &amp; increase blood flow while potentially decrease inflammation\\n4. FLORA ALBA VENUS OIL SPRAY turns the pleasure up while turning the pain down\\n\\nFLORA ALBA OINTMENT \\nOur ointment is made of purely natural and organic materials. \\nIt contains no preservative materials. No parabens or any other chemical additives. \\nThe combination of cold pressed organic oil and other active natural ingredients. \\n\\nIt is suitable for treatment to all to all skin surface afflictions and even can be also applied by massaging and spreading in cases of muscle aches, leg and elbow pain and other kind of injuries. The ointment also treats eczema, atopic dermatitis, dry skin and contact Dermatitis in all areas of the body. \\n\\nFLORA ALBA USAGE: \\nthe ointment should be applied on the desired areas and massage gently for 20 seconds. \\nLeave it open and wait for 20 minutes, for the best absorption. usage can be repeated every 4 hours. \\nIt can be used with children over 10 years old &amp; above and also for pets. \\nNo to be used on open wounds. For external only. Keep it in a dark and cold place. It is advised not to exposed to direct sunlight after usage. \\n\\nINGREDIENTS:\\nOrganic coconut oil, organic shea butter, organic cocoa butter, organic olive oil, organic hemp oil, tea tree and other oil, vitamin E. &quot;}\" data-sheets-userformat=\"{&quot;2&quot;:897,&quot;3&quot;:{&quot;1&quot;:0},&quot;10&quot;:1,&quot;11&quot;:4,&quot;12&quot;:0}\">1. Aumentar\u00e1 el placer durante el sexo<br \/>\n2. Ayuda a que los m\u00fasculos p\u00e9lvicos se relajen y abran para aliviar los s\u00edntomas y disfrutar m\u00e1s del sexo.<br \/>\n3. Ayuda a estimular y aumentar el flujo sangu\u00edneo y, al mismo tiempo, disminuir potencialmente la inflamaci\u00f3n.<br \/>\n4. EL SPRAY DE ACEITE DE FLORA ALBA VENUS aumenta el placer y reduce el dolor.<\/span><\/p>\n<p>&nbsp;<\/p>\n<h3>Spray de aceite Flora Alba Venus<\/h3>\n<p>Nuestro Venus Oil Spray est\u00e1 hecho de materiales puramente naturales y org\u00e1nicos.<\/p>\n<p>No contiene materiales conservantes. Sin parabenos ni ning\u00fan otro aditivo qu\u00edmico.<\/p>\n<p>La combinaci\u00f3n de aceite org\u00e1nico prensado en fr\u00edo y otros ingredientes naturales activos.<\/p>\n<p>Es adecuado para el tratamiento de todas las afecciones de la superficie de la piel e incluso se puede aplicar masajeando y extendiendo en casos de dolores musculares, dolores de piernas y codos y otro tipo de lesiones. El Venus Oil Spray tambi\u00e9n trata el eccema, la dermatitis at\u00f3pica, la piel seca y la dermatitis de contacto en todas las zonas del cuerpo.<\/p>\n<h3>Uso:<\/h3>\n<p>El Venus Oil Spray se debe aplicar en las zonas deseadas y masajear suavemente durante 20 segundos.<\/p>\n<p>D\u00e9jalo abierto y espera 20 minutos, para una mejor absorci\u00f3n. El uso se puede repetir cada 4 horas.<\/p>\n<p>Se puede utilizar con ni\u00f1os mayores de 10 a\u00f1os y tambi\u00e9n con mascotas.<\/p>\n<p>No utilizar en heridas abiertas. S\u00f3lo para uso externo. Gu\u00e1rdelo en un lugar oscuro y fr\u00edo. Se aconseja no exponer a la luz solar directa despu\u00e9s de su uso.<br \/>\n<span data-sheets-root=\"1\" data-sheets-value=\"{&quot;1&quot;:2,&quot;2&quot;:&quot;As women, our sexual health is very important to our overall fulfillment because women have a hard time sharing their experiences with the feeling of numbness or pain during sex which leads to low sex drive, low energy &amp; even things like prolapse. \\nSo if you are looking for fun &amp; relief to start enjoying sex \u2013 we have a solution to your problem! \\nIntroducing our FLORA ALBA \u2013 VENUS OIL SPRAY! \\nA MUST TRY PRODUCT mainly organic safe &amp; easy to use for your daily routine. \\n\\nHere some of the benefits of using FLORA ALBA VENUS OIL SPRAY: \\n1. It will increase pleasure during sex\\n2. It helps pelvic muscles to relax &amp; open up to alleviate the symptoms to enjoy more sex\\n3. It helps to stimulate the &amp; increase blood flow while potentially decrease inflammation\\n4. FLORA ALBA VENUS OIL SPRAY turns the pleasure up while turning the pain down\\n\\nFLORA ALBA OINTMENT \\nOur ointment is made of purely natural and organic materials. \\nIt contains no preservative materials. No parabens or any other chemical additives. \\nThe combination of cold pressed organic oil and other active natural ingredients. \\n\\nIt is suitable for treatment to all to all skin surface afflictions and even can be also applied by massaging and spreading in cases of muscle aches, leg and elbow pain and other kind of injuries. The ointment also treats eczema, atopic dermatitis, dry skin and contact Dermatitis in all areas of the body. \\n\\nFLORA ALBA USAGE: \\nthe ointment should be applied on the desired areas and massage gently for 20 seconds. \\nLeave it open and wait for 20 minutes, for the best absorption. usage can be repeated every 4 hours. \\nIt can be used with children over 10 years old &amp; above and also for pets. \\nNo to be used on open wounds. For external only. Keep it in a dark and cold place. It is advised not to exposed to direct sunlight after usage. \\n\\nINGREDIENTS:\\nOrganic coconut oil, organic shea butter, organic cocoa butter, organic olive oil, organic hemp oil, tea tree and other oil, vitamin E. &quot;}\" data-sheets-userformat=\"{&quot;2&quot;:897,&quot;3&quot;:{&quot;1&quot;:0},&quot;10&quot;:1,&quot;11&quot;:4,&quot;12&quot;:0}\">\u00a0<\/span><\/p>\n<h3><span data-sheets-root=\"1\" data-sheets-value=\"{&quot;1&quot;:2,&quot;2&quot;:&quot;As women, our sexual health is very important to our overall fulfillment because women have a hard time sharing their experiences with the feeling of numbness or pain during sex which leads to low sex drive, low energy &amp; even things like prolapse. \\nSo if you are looking for fun &amp; relief to start enjoying sex \u2013 we have a solution to your problem! \\nIntroducing our FLORA ALBA \u2013 VENUS OIL SPRAY! \\nA MUST TRY PRODUCT mainly organic safe &amp; easy to use for your daily routine. \\n\\nHere some of the benefits of using FLORA ALBA VENUS OIL SPRAY: \\n1. It will increase pleasure during sex\\n2. It helps pelvic muscles to relax &amp; open up to alleviate the symptoms to enjoy more sex\\n3. It helps to stimulate the &amp; increase blood flow while potentially decrease inflammation\\n4. FLORA ALBA VENUS OIL SPRAY turns the pleasure up while turning the pain down\\n\\nFLORA ALBA OINTMENT \\nOur ointment is made of purely natural and organic materials. \\nIt contains no preservative materials. No parabens or any other chemical additives. \\nThe combination of cold pressed organic oil and other active natural ingredients. \\n\\nIt is suitable for treatment to all to all skin surface afflictions and even can be also applied by massaging and spreading in cases of muscle aches, leg and elbow pain and other kind of injuries. The ointment also treats eczema, atopic dermatitis, dry skin and contact Dermatitis in all areas of the body. \\n\\nFLORA ALBA USAGE: \\nthe ointment should be applied on the desired areas and massage gently for 20 seconds. \\nLeave it open and wait for 20 minutes, for the best absorption. usage can be repeated every 4 hours. \\nIt can be used with children over 10 years old &amp; above and also for pets. \\nNo to be used on open wounds. For external only. Keep it in a dark and cold place. It is advised not to exposed to direct sunlight after usage. \\n\\nINGREDIENTS:\\nOrganic coconut oil, organic shea butter, organic cocoa butter, organic olive oil, organic hemp oil, tea tree and other oil, vitamin E. &quot;}\" data-sheets-userformat=\"{&quot;2&quot;:897,&quot;3&quot;:{&quot;1&quot;:0},&quot;10&quot;:1,&quot;11&quot;:4,&quot;12&quot;:0}\">Ingredientes:<\/span><\/h3>\n<p><span data-sheets-root=\"1\" data-sheets-value=\"{&quot;1&quot;:2,&quot;2&quot;:&quot;As women, our sexual health is very important to our overall fulfillment because women have a hard time sharing their experiences with the feeling of numbness or pain during sex which leads to low sex drive, low energy &amp; even things like prolapse. \\nSo if you are looking for fun &amp; relief to start enjoying sex \u2013 we have a solution to your problem! \\nIntroducing our FLORA ALBA \u2013 VENUS OIL SPRAY! \\nA MUST TRY PRODUCT mainly organic safe &amp; easy to use for your daily routine. \\n\\nHere some of the benefits of using FLORA ALBA VENUS OIL SPRAY: \\n1. It will increase pleasure during sex\\n2. It helps pelvic muscles to relax &amp; open up to alleviate the symptoms to enjoy more sex\\n3. It helps to stimulate the &amp; increase blood flow while potentially decrease inflammation\\n4. FLORA ALBA VENUS OIL SPRAY turns the pleasure up while turning the pain down\\n\\nFLORA ALBA OINTMENT \\nOur ointment is made of purely natural and organic materials. \\nIt contains no preservative materials. No parabens or any other chemical additives. \\nThe combination of cold pressed organic oil and other active natural ingredients. \\n\\nIt is suitable for treatment to all to all skin surface afflictions and even can be also applied by massaging and spreading in cases of muscle aches, leg and elbow pain and other kind of injuries. The ointment also treats eczema, atopic dermatitis, dry skin and contact Dermatitis in all areas of the body. \\n\\nFLORA ALBA USAGE: \\nthe ointment should be applied on the desired areas and massage gently for 20 seconds. \\nLeave it open and wait for 20 minutes, for the best absorption. usage can be repeated every 4 hours. \\nIt can be used with children over 10 years old &amp; above and also for pets. \\nNo to be used on open wounds. For external only. Keep it in a dark and cold place. It is advised not to exposed to direct sunlight after usage. \\n\\nINGREDIENTS:\\nOrganic coconut oil, organic shea butter, organic cocoa butter, organic olive oil, organic hemp oil, tea tree and other oil, vitamin E. &quot;}\" data-sheets-userformat=\"{&quot;2&quot;:897,&quot;3&quot;:{&quot;1&quot;:0},&quot;10&quot;:1,&quot;11&quot;:4,&quot;12&quot;:0}\">Aceite de coco org\u00e1nico, manteca de karit\u00e9 org\u00e1nica, manteca de cacao org\u00e1nica, aceite de oliva org\u00e1nico, aceite de c\u00e1\u00f1amo org\u00e1nico, \u00e1rbol de t\u00e9 y otros aceites, vitamina E. <\/span><\/p>","protected":false},"excerpt":{"rendered":"<p><span data-sheets-root=\"1\" data-sheets-value=\"{&quot;1&quot;:2,&quot;2&quot;:&quot;As women, our sexual health is very important to our overall fulfillment because women have a hard time sharing their experiences with the feeling of numbness or pain during sex which leads to low sex drive, low energy &amp; even things like prolapse. \\nSo if you are looking for fun &amp; relief to start enjoying sex \u2013 we have a solution to your problem! \\nIntroducing our FLORA ALBA \u2013 VENUS OIL SPRAY! \\nA MUST TRY PRODUCT mainly organic safe &amp; easy to use for your daily routine. \\n\\nHere some of the benefits of using FLORA ALBA VENUS OIL SPRAY: \\n1. It will increase pleasure during sex\\n2. It helps pelvic muscles to relax &amp; open up to alleviate the symptoms to enjoy more sex\\n3. It helps to stimulate the &amp; increase blood flow while potentially decrease inflammation\\n4. FLORA ALBA VENUS OIL SPRAY turns the pleasure up while turning the pain down\\n\\nFLORA ALBA OINTMENT \\nOur ointment is made of purely natural and organic materials. \\nIt contains no preservative materials. No parabens or any other chemical additives. \\nThe combination of cold pressed organic oil and other active natural ingredients. \\n\\nIt is suitable for treatment to all to all skin surface afflictions and even can be also applied by massaging and spreading in cases of muscle aches, leg and elbow pain and other kind of injuries. The ointment also treats eczema, atopic dermatitis, dry skin and contact Dermatitis in all areas of the body. \\n\\nFLORA ALBA USAGE: \\nthe ointment should be applied on the desired areas and massage gently for 20 seconds. \\nLeave it open and wait for 20 minutes, for the best absorption. usage can be repeated every 4 hours. \\nIt can be used with children over 10 years old &amp; above and also for pets. \\nNo to be used on open wounds. For external only. Keep it in a dark and cold place. It is advised not to exposed to direct sunlight after usage. \\n\\nINGREDIENTS:\\nOrganic coconut oil, organic shea butter, organic cocoa butter, organic olive oil, organic hemp oil, tea tree and other oil, vitamin E. &quot;}\" data-sheets-userformat=\"{&quot;2&quot;:897,&quot;3&quot;:{&quot;1&quot;:0},&quot;10&quot;:1,&quot;11&quot;:4,&quot;12&quot;:0}\">Como mujeres, nuestra salud sexual es muy importante para nuestra realizaci\u00f3n general porque a las mujeres les resulta dif\u00edcil compartir sus experiencias con la sensaci\u00f3n de entumecimiento o dolor durante las relaciones sexuales, lo que conduce a un bajo deseo sexual, poca energ\u00eda e incluso cosas como el prolapso.<\/span><\/p>\n<p><span data-sheets-root=\"1\" data-sheets-value=\"{&quot;1&quot;:2,&quot;2&quot;:&quot;As women, our sexual health is very important to our overall fulfillment because women have a hard time sharing their experiences with the feeling of numbness or pain during sex which leads to low sex drive, low energy &amp; even things like prolapse. \\nSo if you are looking for fun &amp; relief to start enjoying sex \u2013 we have a solution to your problem! \\nIntroducing our FLORA ALBA \u2013 VENUS OIL SPRAY! \\nA MUST TRY PRODUCT mainly organic safe &amp; easy to use for your daily routine. \\n\\nHere some of the benefits of using FLORA ALBA VENUS OIL SPRAY: \\n1. It will increase pleasure during sex\\n2. It helps pelvic muscles to relax &amp; open up to alleviate the symptoms to enjoy more sex\\n3. It helps to stimulate the &amp; increase blood flow while potentially decrease inflammation\\n4. FLORA ALBA VENUS OIL SPRAY turns the pleasure up while turning the pain down\\n\\nFLORA ALBA OINTMENT \\nOur ointment is made of purely natural and organic materials. \\nIt contains no preservative materials. No parabens or any other chemical additives. \\nThe combination of cold pressed organic oil and other active natural ingredients. \\n\\nIt is suitable for treatment to all to all skin surface afflictions and even can be also applied by massaging and spreading in cases of muscle aches, leg and elbow pain and other kind of injuries. The ointment also treats eczema, atopic dermatitis, dry skin and contact Dermatitis in all areas of the body. \\n\\nFLORA ALBA USAGE: \\nthe ointment should be applied on the desired areas and massage gently for 20 seconds. \\nLeave it open and wait for 20 minutes, for the best absorption. usage can be repeated every 4 hours. \\nIt can be used with children over 10 years old &amp; above and also for pets. \\nNo to be used on open wounds. For external only. Keep it in a dark and cold place. It is advised not to exposed to direct sunlight after usage. \\n\\nINGREDIENTS:\\nOrganic coconut oil, organic shea butter, organic cocoa butter, organic olive oil, organic hemp oil, tea tree and other oil, vitamin E. &quot;}\" data-sheets-userformat=\"{&quot;2&quot;:897,&quot;3&quot;:{&quot;1&quot;:0},&quot;10&quot;:1,&quot;11&quot;:4,&quot;12&quot;:0}\">Entonces, si buscas diversi\u00f3n y alivio para comenzar a disfrutar del sexo, \u00a1tenemos una soluci\u00f3n a tu problema!<\/span><\/p>\n<p><span data-sheets-root=\"1\" data-sheets-value=\"{&quot;1&quot;:2,&quot;2&quot;:&quot;As women, our sexual health is very important to our overall fulfillment because women have a hard time sharing their experiences with the feeling of numbness or pain during sex which leads to low sex drive, low energy &amp; even things like prolapse. \\nSo if you are looking for fun &amp; relief to start enjoying sex \u2013 we have a solution to your problem! \\nIntroducing our FLORA ALBA \u2013 VENUS OIL SPRAY! \\nA MUST TRY PRODUCT mainly organic safe &amp; easy to use for your daily routine. \\n\\nHere some of the benefits of using FLORA ALBA VENUS OIL SPRAY: \\n1. It will increase pleasure during sex\\n2. It helps pelvic muscles to relax &amp; open up to alleviate the symptoms to enjoy more sex\\n3. It helps to stimulate the &amp; increase blood flow while potentially decrease inflammation\\n4. FLORA ALBA VENUS OIL SPRAY turns the pleasure up while turning the pain down\\n\\nFLORA ALBA OINTMENT \\nOur ointment is made of purely natural and organic materials. \\nIt contains no preservative materials. No parabens or any other chemical additives. \\nThe combination of cold pressed organic oil and other active natural ingredients. \\n\\nIt is suitable for treatment to all to all skin surface afflictions and even can be also applied by massaging and spreading in cases of muscle aches, leg and elbow pain and other kind of injuries. The ointment also treats eczema, atopic dermatitis, dry skin and contact Dermatitis in all areas of the body. \\n\\nFLORA ALBA USAGE: \\nthe ointment should be applied on the desired areas and massage gently for 20 seconds. \\nLeave it open and wait for 20 minutes, for the best absorption. usage can be repeated every 4 hours. \\nIt can be used with children over 10 years old &amp; above and also for pets. \\nNo to be used on open wounds. For external only. Keep it in a dark and cold place. It is advised not to exposed to direct sunlight after usage. \\n\\nINGREDIENTS:\\nOrganic coconut oil, organic shea butter, organic cocoa butter, organic olive oil, organic hemp oil, tea tree and other oil, vitamin E. &quot;}\" data-sheets-userformat=\"{&quot;2&quot;:897,&quot;3&quot;:{&quot;1&quot;:0},&quot;10&quot;:1,&quot;11&quot;:4,&quot;12&quot;:0}\">\u00a1Presentamos nuestra FLORA ALBA \u2013 VENUS OIL SPRAY!<\/span><\/p>\n<p><span data-sheets-root=\"1\" data-sheets-value=\"{&quot;1&quot;:2,&quot;2&quot;:&quot;As women, our sexual health is very important to our overall fulfillment because women have a hard time sharing their experiences with the feeling of numbness or pain during sex which leads to low sex drive, low energy &amp; even things like prolapse. \\nSo if you are looking for fun &amp; relief to start enjoying sex \u2013 we have a solution to your problem! \\nIntroducing our FLORA ALBA \u2013 VENUS OIL SPRAY! \\nA MUST TRY PRODUCT mainly organic safe &amp; easy to use for your daily routine. \\n\\nHere some of the benefits of using FLORA ALBA VENUS OIL SPRAY: \\n1. It will increase pleasure during sex\\n2. It helps pelvic muscles to relax &amp; open up to alleviate the symptoms to enjoy more sex\\n3. It helps to stimulate the &amp; increase blood flow while potentially decrease inflammation\\n4. FLORA ALBA VENUS OIL SPRAY turns the pleasure up while turning the pain down\\n\\nFLORA ALBA OINTMENT \\nOur ointment is made of purely natural and organic materials. \\nIt contains no preservative materials. No parabens or any other chemical additives. \\nThe combination of cold pressed organic oil and other active natural ingredients. \\n\\nIt is suitable for treatment to all to all skin surface afflictions and even can be also applied by massaging and spreading in cases of muscle aches, leg and elbow pain and other kind of injuries. The ointment also treats eczema, atopic dermatitis, dry skin and contact Dermatitis in all areas of the body. \\n\\nFLORA ALBA USAGE: \\nthe ointment should be applied on the desired areas and massage gently for 20 seconds. \\nLeave it open and wait for 20 minutes, for the best absorption. usage can be repeated every 4 hours. \\nIt can be used with children over 10 years old &amp; above and also for pets. \\nNo to be used on open wounds. For external only. Keep it in a dark and cold place. It is advised not to exposed to direct sunlight after usage. \\n\\nINGREDIENTS:\\nOrganic coconut oil, organic shea butter, organic cocoa butter, organic olive oil, organic hemp oil, tea tree and other oil, vitamin E. &quot;}\" data-sheets-userformat=\"{&quot;2&quot;:897,&quot;3&quot;:{&quot;1&quot;:0},&quot;10&quot;:1,&quot;11&quot;:4,&quot;12&quot;:0}\">UN PRODUCTO QUE DEBE PROBAR principalmente org\u00e1nico, seguro y f\u00e1cil de usar para su rutina diaria.<\/span><\/p>","protected":false},"featured_media":506,"template":"","meta":{"_glsr_average":5,"_glsr_ranking":3.75,"_glsr_reviews":2},"product_brand":[],"product_cat":[22],"product_tag":[],"class_list":{"0":"post-497","1":"product","2":"type-product","3":"status-publish","4":"has-post-thumbnail","6":"product_cat-uncategorized","8":"first","9":"instock","10":"shipping-taxable","11":"purchasable","12":"product-type-simple"},"_links":{"self":[{"href":"https:\/\/flora-alba.ca\/es\/wp-json\/wp\/v2\/product\/497","targetHints":{"allow":["GET"]}}],"collection":[{"href":"https:\/\/flora-alba.ca\/es\/wp-json\/wp\/v2\/product"}],"about":[{"href":"https:\/\/flora-alba.ca\/es\/wp-json\/wp\/v2\/types\/product"}],"wp:featuredmedia":[{"embeddable":true,"href":"https:\/\/flora-alba.ca\/es\/wp-json\/wp\/v2\/media\/506"}],"wp:attachment":[{"href":"https:\/\/flora-alba.ca\/es\/wp-json\/wp\/v2\/media?parent=497"}],"wp:term":[{"taxonomy":"product_brand","embeddable":true,"href":"https:\/\/flora-alba.ca\/es\/wp-json\/wp\/v2\/product_brand?post=497"},{"taxonomy":"product_cat","embeddable":true,"href":"https:\/\/flora-alba.ca\/es\/wp-json\/wp\/v2\/product_cat?post=497"},{"taxonomy":"product_tag","embeddable":true,"href":"https:\/\/flora-alba.ca\/es\/wp-json\/wp\/v2\/product_tag?post=497"}],"curies":[{"name":"wp","href":"https:\/\/api.w.org\/{rel}","templated":true}]}}