{"id":495,"date":"2024-03-13T18:55:16","date_gmt":"2024-03-13T18:55:16","guid":{"rendered":"https:\/\/flora-alba.ca\/?post_type=product&#038;p=495"},"modified":"2024-11-02T01:03:15","modified_gmt":"2024-11-02T01:03:15","slug":"organic-chocolate-lipstick","status":"publish","type":"product","link":"https:\/\/flora-alba.ca\/es\/producto\/organic-chocolate-lipstick\/","title":{"rendered":"L\u00e1piz Labial M\u00e9dico Org\u00e1nico con Chocolate"},"content":{"rendered":"<p>Caracter\u00edsticas clave:<\/p>\n<ol>\n<li><strong data-entity-type=\"MessageEntityBold\">Nutrici\u00f3n Profunda: <\/strong>La rica manteca de karit\u00e9 y los aceites org\u00e1nicos se combinan para ofrecer una humedad incomparable, calmando y rejuveneciendo los labios secos y agrietados.<\/li>\n<li><strong data-entity-type=\"MessageEntityBold\">Belleza natural y delicada: <\/strong>Experimente el sutil encanto de la naturaleza mientras este l\u00e1piz labial le da a sus labios un brillo natural, con un toque de sabor derivado de la nutritiva manteca de karit\u00e9.<\/li>\n<li><strong data-entity-type=\"MessageEntityBold\">Protecci\u00f3n y Rejuvenecimiento: <\/strong>Proteja sus labios de las influencias externas, promoviendo su salud y elasticidad, asegurando brillo y rejuvenecimiento.<\/li>\n<li><strong data-entity-type=\"MessageEntityBold\">F\u00f3rmula Pura y Natural: <\/strong>Libre de productos qu\u00edmicos agresivos, colorantes artificiales y fragancias, nuestro l\u00e1piz labial garantiza un uso sin preocupaciones, dej\u00e1ndole con labios suaves y bien cuidados.<\/li>\n<\/ol>\n<p>Eleva tu rutina de cuidado de labios a un nuevo nivel con el l\u00e1piz labial m\u00e9dico org\u00e1nico de Flora Alba y descubre el poder transformador de los ingredientes naturales. Deja que tus labios reciban el cuidado que merecen.<\/p>\n<p>Ingredientes: Aceite de coco org\u00e1nico, aceite de oliva org\u00e1nico, aceite de almendras org\u00e1nico, manteca de cacao org\u00e1nica, manteca de karit\u00e9 org\u00e1nica, chocolate amargo, vitamina E, aceites esenciales, \u00e1rbol de t\u00e9.<\/p>","protected":false},"excerpt":{"rendered":"<p><span data-sheets-root=\"1\" data-sheets-value=\"{&quot;1&quot;:2,&quot;2&quot;:&quot;Indulge in the ultimate treat for your lips! Flora Alba's Organic Medical Lipstick with Chocolate combines decadent flavor with deeply nourishing ingredients for a truly luxurious experience.\\r\\n\\r\\nDelicious Chocolate Flavor: Savor the rich taste of chocolate with every application.\\r\\n\\r\\nIntense Hydration: Cocoa butter and shea butter melt into your lips, combating dryness and chapping for lasting softness.\\r\\n\\r\\nTimeless, Radiant Shade: The universally flattering chocolate hue adds a touch of sophistication to your look, perfect for any occasion.\\r\\n\\r\\nNourishing &amp; Protective: Organic ingredients deliver essential nutrients to promote healthy, beautiful lips.\\r\\n\\r\\nExperience the difference with Flora Alba's Organic Medical Lipstick with Chocolate. Your lips will thank you!&quot;}\" data-sheets-userformat=\"{&quot;2&quot;:897,&quot;3&quot;:{&quot;1&quot;:0},&quot;10&quot;:1,&quot;11&quot;:4,&quot;12&quot;:0}\">Permita que sus labios disfruten del abrazo de la naturaleza con el l\u00e1piz labial m\u00e9dico org\u00e1nico de Flora Alba. Infundido con los mejores ingredientes org\u00e1nicos, este l\u00e1piz labial proporciona una hidrataci\u00f3n intensiva y un brillo natural y radiante.<\/span><\/p>","protected":false},"featured_media":392,"template":"","meta":{"_glsr_average":0,"_glsr_ranking":0,"_glsr_reviews":0},"product_brand":[],"product_cat":[22],"product_tag":[],"class_list":{"0":"post-495","1":"product","2":"type-product","3":"status-publish","4":"has-post-thumbnail","6":"product_cat-uncategorized","8":"first","9":"instock","10":"shipping-taxable","11":"purchasable","12":"product-type-simple"},"_links":{"self":[{"href":"https:\/\/flora-alba.ca\/es\/wp-json\/wp\/v2\/product\/495","targetHints":{"allow":["GET"]}}],"collection":[{"href":"https:\/\/flora-alba.ca\/es\/wp-json\/wp\/v2\/product"}],"about":[{"href":"https:\/\/flora-alba.ca\/es\/wp-json\/wp\/v2\/types\/product"}],"wp:featuredmedia":[{"embeddable":true,"href":"https:\/\/flora-alba.ca\/es\/wp-json\/wp\/v2\/media\/392"}],"wp:attachment":[{"href":"https:\/\/flora-alba.ca\/es\/wp-json\/wp\/v2\/media?parent=495"}],"wp:term":[{"taxonomy":"product_brand","embeddable":true,"href":"https:\/\/flora-alba.ca\/es\/wp-json\/wp\/v2\/product_brand?post=495"},{"taxonomy":"product_cat","embeddable":true,"href":"https:\/\/flora-alba.ca\/es\/wp-json\/wp\/v2\/product_cat?post=495"},{"taxonomy":"product_tag","embeddable":true,"href":"https:\/\/flora-alba.ca\/es\/wp-json\/wp\/v2\/product_tag?post=495"}],"curies":[{"name":"wp","href":"https:\/\/api.w.org\/{rel}","templated":true}]}}