{"id":486,"date":"2024-03-04T16:40:29","date_gmt":"2024-03-04T16:40:29","guid":{"rendered":"https:\/\/flora-alba.ca\/?post_type=product&#038;p=486"},"modified":"2024-09-12T18:06:55","modified_gmt":"2024-09-12T18:06:55","slug":"organic-medical-lipstick","status":"publish","type":"product","link":"https:\/\/flora-alba.ca\/es\/producto\/organic-medical-lipstick\/","title":{"rendered":"L\u00e1piz labial m\u00e9dico org\u00e1nico"},"content":{"rendered":"<ul>\n<li><span data-sheets-root=\"1\" data-sheets-value=\"{&quot;1&quot;:2,&quot;2&quot;:&quot;Pamper your lips with the healing power of nature. Flora Alba's Organic Medical Lipstick delivers intense hydration and a subtle, natural sheen for a healthy, revitalized pout.\\r\\n\\r\\nDeep Nourishment: Formulated with a blend of rich shea butter and other organic ingredients, this lipstick soothes and conditions dry, chapped lips.\\r\\n\\r\\nNatural, Subtle Beauty: Enhances your lips with a delicate shine and a hint of natural flavor derived from nourishing shea butter.\\r\\n\\r\\nProtective &amp; Revitalizing: Provides a shield against harsh elements while promoting healthy, supple lips.\\r\\n\\r\\nPure &amp; Clean Formula: Free from harsh chemicals, artificial colors, and fragrances for gentle, worry-free wear.\\r\\n\\r\\nUpgrade your lip care with Flora Alba's Organic Medical Lipstick. Experience the difference that natural ingredients can make!&quot;}\" data-sheets-userformat=\"{&quot;2&quot;:897,&quot;3&quot;:{&quot;1&quot;:0},&quot;10&quot;:1,&quot;11&quot;:4,&quot;12&quot;:0}\">Nutrici\u00f3n profunda: formulado con una mezcla de rica manteca de karit\u00e9 y otros ingredientes org\u00e1nicos, este l\u00e1piz labial calma y acondiciona los labios secos y agrietados.<\/span><\/li>\n<li>Belleza natural y sutil: realza tus labios con un brillo delicado y un toque de sabor natural derivado de la nutritiva manteca de karit\u00e9.<\/li>\n<li>Protector y revitalizante: Proporciona un escudo contra elementos agresivos mientras promueve labios sanos y flexibles.<\/li>\n<li>F\u00f3rmula pura y limpia: libre de productos qu\u00edmicos agresivos, colorantes artificiales y fragancias para un uso suave y sin preocupaciones.<\/li>\n<\/ul>\n<p>Mejora el cuidado de tus labios con el l\u00e1piz labial m\u00e9dico org\u00e1nico de Flora Alba. \u00a1Experimenta la diferencia que los ingredientes naturales pueden hacer!<\/p>","protected":false},"excerpt":{"rendered":"<p><span data-sheets-root=\"1\" data-sheets-value=\"{&quot;1&quot;:2,&quot;2&quot;:&quot;Pamper your lips with the healing power of nature. Flora Alba's Organic Medical Lipstick delivers intense hydration and a subtle, natural sheen for a healthy, revitalized pout.\\r\\n\\r\\nDeep Nourishment: Formulated with a blend of rich shea butter and other organic ingredients, this lipstick soothes and conditions dry, chapped lips.\\r\\n\\r\\nNatural, Subtle Beauty: Enhances your lips with a delicate shine and a hint of natural flavor derived from nourishing shea butter.\\r\\n\\r\\nProtective &amp; Revitalizing: Provides a shield against harsh elements while promoting healthy, supple lips.\\r\\n\\r\\nPure &amp; Clean Formula: Free from harsh chemicals, artificial colors, and fragrances for gentle, worry-free wear.\\r\\n\\r\\nUpgrade your lip care with Flora Alba's Organic Medical Lipstick. Experience the difference that natural ingredients can make!&quot;}\" data-sheets-userformat=\"{&quot;2&quot;:897,&quot;3&quot;:{&quot;1&quot;:0},&quot;10&quot;:1,&quot;11&quot;:4,&quot;12&quot;:0}\">Mima tus labios con el poder curativo de la naturaleza. El l\u00e1piz labial m\u00e9dico org\u00e1nico de Flora Alba brinda hidrataci\u00f3n intensa y un brillo sutil y natural para unos labios saludables y revitalizados.<\/span><\/p>","protected":false},"featured_media":392,"template":"","meta":{"_glsr_average":5,"_glsr_ranking":3.75,"_glsr_reviews":2},"product_brand":[],"product_cat":[22],"product_tag":[],"class_list":{"0":"post-486","1":"product","2":"type-product","3":"status-publish","4":"has-post-thumbnail","6":"product_cat-uncategorized","8":"first","9":"instock","10":"shipping-taxable","11":"purchasable","12":"product-type-simple"},"_links":{"self":[{"href":"https:\/\/flora-alba.ca\/es\/wp-json\/wp\/v2\/product\/486","targetHints":{"allow":["GET"]}}],"collection":[{"href":"https:\/\/flora-alba.ca\/es\/wp-json\/wp\/v2\/product"}],"about":[{"href":"https:\/\/flora-alba.ca\/es\/wp-json\/wp\/v2\/types\/product"}],"wp:featuredmedia":[{"embeddable":true,"href":"https:\/\/flora-alba.ca\/es\/wp-json\/wp\/v2\/media\/392"}],"wp:attachment":[{"href":"https:\/\/flora-alba.ca\/es\/wp-json\/wp\/v2\/media?parent=486"}],"wp:term":[{"taxonomy":"product_brand","embeddable":true,"href":"https:\/\/flora-alba.ca\/es\/wp-json\/wp\/v2\/product_brand?post=486"},{"taxonomy":"product_cat","embeddable":true,"href":"https:\/\/flora-alba.ca\/es\/wp-json\/wp\/v2\/product_cat?post=486"},{"taxonomy":"product_tag","embeddable":true,"href":"https:\/\/flora-alba.ca\/es\/wp-json\/wp\/v2\/product_tag?post=486"}],"curies":[{"name":"wp","href":"https:\/\/api.w.org\/{rel}","templated":true}]}}