{"id":485,"date":"2024-03-04T16:21:30","date_gmt":"2024-03-04T16:21:30","guid":{"rendered":"https:\/\/flora-alba.ca\/?post_type=product&#038;p=485"},"modified":"2024-09-12T18:08:22","modified_gmt":"2024-09-12T18:08:22","slug":"full-spectrum-cream","status":"publish","type":"product","link":"https:\/\/flora-alba.ca\/es\/producto\/full-spectrum-cream\/","title":{"rendered":"CREMA ALBA: CREMA FLORA ALBA"},"content":{"rendered":"<p>Es adecuada para tratar diversas afecciones de la piel y puede aplicarse mediante suaves masajes para aliviar dolores musculares, en piernas, codos y otras lesiones. La crema tambi\u00e9n trata el eczema, la dermatitis at\u00f3pica, la piel seca y la dermatitis de contacto en todo el cuerpo. Adem\u00e1s, ayuda en la cicatrizaci\u00f3n de quemaduras, reduce cicatrices postoperatorias, arrugas y estimula la regeneraci\u00f3n celular de la piel.<\/p>\n<p>La crema est\u00e1 concentrada hasta cinco veces m\u00e1s que la mayor\u00eda de las cremas o ung\u00fcentos altamente concentrados, por lo que debe usarse con moderaci\u00f3n para obtener resultados \u00f3ptimos. Se recomienda aplicarla por la noche antes de acostarse, permitiendo tiempo para su absorci\u00f3n.<\/p>\n<p>&nbsp;<\/p>\n<p><strong>INSTRUCCIONES DE USO:<\/strong><\/p>\n<p>Aplique la crema en las \u00e1reas deseadas y masajee suavemente durante 20 segundos.<\/p>\n<p>D\u00e9jela abierta y espere 20 minutos para una absorci\u00f3n \u00f3ptima. Repita el uso cada 4 horas si es necesario.<\/p>\n<p>Adecuado para ni\u00f1os mayores de 10 a\u00f1os y mascotas. Evite usar sobre heridas abiertas. Solo para uso externo. Almacene en un lugar fresco y oscuro. Evite la exposici\u00f3n directa al sol despu\u00e9s de la aplicaci\u00f3n.<\/p>\n<p><strong>INGREDIENTES:<\/strong><\/p>\n<p>Aceite de oliva org\u00e1nico, aceite de c\u00e1\u00f1amo org\u00e1nico, aceite de coco org\u00e1nico, manteca de karit\u00e9 org\u00e1nica, manteca de cacao org\u00e1nica, vitamina E.<\/p>","protected":false},"excerpt":{"rendered":"<p>Nuestra crema est\u00e1 elaborada con ingredientes completamente naturales y org\u00e1nicos. No contiene conservantes, parabenos ni otros aditivos qu\u00edmicos.<\/p>\n<p>La combinaci\u00f3n de aceites org\u00e1nicos prensados en fr\u00edo y otros ingredientes naturales activos la hace altamente efectiva.<\/p>","protected":false},"featured_media":442,"template":"","meta":{"_glsr_average":5,"_glsr_ranking":3.6363636363636,"_glsr_reviews":1},"product_brand":[],"product_cat":[22],"product_tag":[],"class_list":{"0":"post-485","1":"product","2":"type-product","3":"status-publish","4":"has-post-thumbnail","6":"product_cat-uncategorized","8":"first","9":"instock","10":"shipping-taxable","11":"purchasable","12":"product-type-simple"},"_links":{"self":[{"href":"https:\/\/flora-alba.ca\/es\/wp-json\/wp\/v2\/product\/485","targetHints":{"allow":["GET"]}}],"collection":[{"href":"https:\/\/flora-alba.ca\/es\/wp-json\/wp\/v2\/product"}],"about":[{"href":"https:\/\/flora-alba.ca\/es\/wp-json\/wp\/v2\/types\/product"}],"wp:featuredmedia":[{"embeddable":true,"href":"https:\/\/flora-alba.ca\/es\/wp-json\/wp\/v2\/media\/442"}],"wp:attachment":[{"href":"https:\/\/flora-alba.ca\/es\/wp-json\/wp\/v2\/media?parent=485"}],"wp:term":[{"taxonomy":"product_brand","embeddable":true,"href":"https:\/\/flora-alba.ca\/es\/wp-json\/wp\/v2\/product_brand?post=485"},{"taxonomy":"product_cat","embeddable":true,"href":"https:\/\/flora-alba.ca\/es\/wp-json\/wp\/v2\/product_cat?post=485"},{"taxonomy":"product_tag","embeddable":true,"href":"https:\/\/flora-alba.ca\/es\/wp-json\/wp\/v2\/product_tag?post=485"}],"curies":[{"name":"wp","href":"https:\/\/api.w.org\/{rel}","templated":true}]}}