{"id":497,"date":"2024-03-13T19:36:10","date_gmt":"2024-03-13T19:36:10","guid":{"rendered":"https:\/\/flora-alba.ca\/?post_type=product&#038;p=497"},"modified":"2024-09-12T18:03:24","modified_gmt":"2024-09-12T18:03:24","slug":"venus-oil-spray","status":"publish","type":"product","link":"https:\/\/flora-alba.ca\/de\/produkt\/venus-oil-spray\/","title":{"rendered":"Venus-\u00d6lspray"},"content":{"rendered":"<h3><span data-sheets-root=\"1\" data-sheets-value=\"{&quot;1&quot;:2,&quot;2&quot;:&quot;As women, our sexual health is very important to our overall fulfillment because women have a hard time sharing their experiences with the feeling of numbness or pain during sex which leads to low sex drive, low energy &amp; even things like prolapse. \\nSo if you are looking for fun &amp; relief to start enjoying sex \u2013 we have a solution to your problem! \\nIntroducing our FLORA ALBA \u2013 VENUS OIL SPRAY! \\nA MUST TRY PRODUCT mainly organic safe &amp; easy to use for your daily routine. \\n\\nHere some of the benefits of using FLORA ALBA VENUS OIL SPRAY: \\n1. It will increase pleasure during sex\\n2. It helps pelvic muscles to relax &amp; open up to alleviate the symptoms to enjoy more sex\\n3. It helps to stimulate the &amp; increase blood flow while potentially decrease inflammation\\n4. FLORA ALBA VENUS OIL SPRAY turns the pleasure up while turning the pain down\\n\\nFLORA ALBA OINTMENT \\nOur ointment is made of purely natural and organic materials. \\nIt contains no preservative materials. No parabens or any other chemical additives. \\nThe combination of cold pressed organic oil and other active natural ingredients. \\n\\nIt is suitable for treatment to all to all skin surface afflictions and even can be also applied by massaging and spreading in cases of muscle aches, leg and elbow pain and other kind of injuries. The ointment also treats eczema, atopic dermatitis, dry skin and contact Dermatitis in all areas of the body. \\n\\nFLORA ALBA USAGE: \\nthe ointment should be applied on the desired areas and massage gently for 20 seconds. \\nLeave it open and wait for 20 minutes, for the best absorption. usage can be repeated every 4 hours. \\nIt can be used with children over 10 years old &amp; above and also for pets. \\nNo to be used on open wounds. For external only. Keep it in a dark and cold place. It is advised not to exposed to direct sunlight after usage. \\n\\nINGREDIENTS:\\nOrganic coconut oil, organic shea butter, organic cocoa butter, organic olive oil, organic hemp oil, tea tree and other oil, vitamin E. &quot;}\" data-sheets-userformat=\"{&quot;2&quot;:897,&quot;3&quot;:{&quot;1&quot;:0},&quot;10&quot;:1,&quot;11&quot;:4,&quot;12&quot;:0}\">Hier einige der Vorteile der Verwendung von FLORA ALBA VENUS OIL SPRAY:<\/span><\/h3>\n<p><span data-sheets-root=\"1\" data-sheets-value=\"{&quot;1&quot;:2,&quot;2&quot;:&quot;As women, our sexual health is very important to our overall fulfillment because women have a hard time sharing their experiences with the feeling of numbness or pain during sex which leads to low sex drive, low energy &amp; even things like prolapse. \\nSo if you are looking for fun &amp; relief to start enjoying sex \u2013 we have a solution to your problem! \\nIntroducing our FLORA ALBA \u2013 VENUS OIL SPRAY! \\nA MUST TRY PRODUCT mainly organic safe &amp; easy to use for your daily routine. \\n\\nHere some of the benefits of using FLORA ALBA VENUS OIL SPRAY: \\n1. It will increase pleasure during sex\\n2. It helps pelvic muscles to relax &amp; open up to alleviate the symptoms to enjoy more sex\\n3. It helps to stimulate the &amp; increase blood flow while potentially decrease inflammation\\n4. FLORA ALBA VENUS OIL SPRAY turns the pleasure up while turning the pain down\\n\\nFLORA ALBA OINTMENT \\nOur ointment is made of purely natural and organic materials. \\nIt contains no preservative materials. No parabens or any other chemical additives. \\nThe combination of cold pressed organic oil and other active natural ingredients. \\n\\nIt is suitable for treatment to all to all skin surface afflictions and even can be also applied by massaging and spreading in cases of muscle aches, leg and elbow pain and other kind of injuries. The ointment also treats eczema, atopic dermatitis, dry skin and contact Dermatitis in all areas of the body. \\n\\nFLORA ALBA USAGE: \\nthe ointment should be applied on the desired areas and massage gently for 20 seconds. \\nLeave it open and wait for 20 minutes, for the best absorption. usage can be repeated every 4 hours. \\nIt can be used with children over 10 years old &amp; above and also for pets. \\nNo to be used on open wounds. For external only. Keep it in a dark and cold place. It is advised not to exposed to direct sunlight after usage. \\n\\nINGREDIENTS:\\nOrganic coconut oil, organic shea butter, organic cocoa butter, organic olive oil, organic hemp oil, tea tree and other oil, vitamin E. &quot;}\" data-sheets-userformat=\"{&quot;2&quot;:897,&quot;3&quot;:{&quot;1&quot;:0},&quot;10&quot;:1,&quot;11&quot;:4,&quot;12&quot;:0}\">1. Es steigert das Vergn\u00fcgen beim Sex<br \/>\n2. Es hilft den Beckenmuskeln, sich zu entspannen und zu \u00f6ffnen, um die Symptome zu lindern und mehr Sex zu genie\u00dfen<br \/>\n3. Es hilft, die Durchblutung anzuregen und zu steigern und gleichzeitig Entz\u00fcndungen zu verringern<br \/>\n4. FLORA ALBA VENUS OIL SPRAY steigert die Lust und lindert den Schmerz<\/span><\/p>\n<p>&nbsp;<\/p>\n<h3>Flora Alba Venus \u00d6lspray<\/h3>\n<p>Unser Venus Oil Spray besteht aus rein nat\u00fcrlichen und organischen Materialien.<\/p>\n<p>Es enth\u00e4lt keine Konservierungsstoffe. Keine Parabene oder andere chemische Zus\u00e4tze.<\/p>\n<p>Die Kombination aus kaltgepresstem Bio-\u00d6l und anderen nat\u00fcrlichen Wirkstoffen.<\/p>\n<p>Es eignet sich zur Behandlung aller Hautoberfl\u00e4chenerkrankungen und kann auch bei Muskelschmerzen, Schmerzen in Beinen und Ellenbogen und anderen Verletzungen durch Einmassieren und Verteilen angewendet werden. Das Venus Oil Spray behandelt auch Ekzeme, atopische Dermatitis, trockene Haut und Kontaktdermatitis an allen K\u00f6rperstellen.<\/p>\n<h3>Verwendung:<\/h3>\n<p>Das Venus Oil Spray wird auf die gew\u00fcnschten Stellen aufgetragen und 20 Sekunden lang sanft einmassiert.<\/p>\n<p>Lassen Sie es offen stehen und warten Sie 20 Minuten, damit es optimal einzieht. Die Anwendung kann alle 4 Stunden wiederholt werden.<\/p>\n<p>Es kann bei Kindern ab 10 Jahren und auch bei Haustieren verwendet werden.<\/p>\n<p>Nicht auf offenen Wunden anwenden. Nur zur \u00e4u\u00dferlichen Anwendung. An einem dunklen und k\u00fchlen Ort aufbewahren. Es wird empfohlen, das Produkt nach der Anwendung nicht direktem Sonnenlicht auszusetzen.<br \/>\n<span data-sheets-root=\"1\" data-sheets-value=\"{&quot;1&quot;:2,&quot;2&quot;:&quot;As women, our sexual health is very important to our overall fulfillment because women have a hard time sharing their experiences with the feeling of numbness or pain during sex which leads to low sex drive, low energy &amp; even things like prolapse. \\nSo if you are looking for fun &amp; relief to start enjoying sex \u2013 we have a solution to your problem! \\nIntroducing our FLORA ALBA \u2013 VENUS OIL SPRAY! \\nA MUST TRY PRODUCT mainly organic safe &amp; easy to use for your daily routine. \\n\\nHere some of the benefits of using FLORA ALBA VENUS OIL SPRAY: \\n1. It will increase pleasure during sex\\n2. It helps pelvic muscles to relax &amp; open up to alleviate the symptoms to enjoy more sex\\n3. It helps to stimulate the &amp; increase blood flow while potentially decrease inflammation\\n4. FLORA ALBA VENUS OIL SPRAY turns the pleasure up while turning the pain down\\n\\nFLORA ALBA OINTMENT \\nOur ointment is made of purely natural and organic materials. \\nIt contains no preservative materials. No parabens or any other chemical additives. \\nThe combination of cold pressed organic oil and other active natural ingredients. \\n\\nIt is suitable for treatment to all to all skin surface afflictions and even can be also applied by massaging and spreading in cases of muscle aches, leg and elbow pain and other kind of injuries. The ointment also treats eczema, atopic dermatitis, dry skin and contact Dermatitis in all areas of the body. \\n\\nFLORA ALBA USAGE: \\nthe ointment should be applied on the desired areas and massage gently for 20 seconds. \\nLeave it open and wait for 20 minutes, for the best absorption. usage can be repeated every 4 hours. \\nIt can be used with children over 10 years old &amp; above and also for pets. \\nNo to be used on open wounds. For external only. Keep it in a dark and cold place. It is advised not to exposed to direct sunlight after usage. \\n\\nINGREDIENTS:\\nOrganic coconut oil, organic shea butter, organic cocoa butter, organic olive oil, organic hemp oil, tea tree and other oil, vitamin E. &quot;}\" data-sheets-userformat=\"{&quot;2&quot;:897,&quot;3&quot;:{&quot;1&quot;:0},&quot;10&quot;:1,&quot;11&quot;:4,&quot;12&quot;:0}\">\u00a0<\/span><\/p>\n<h3><span data-sheets-root=\"1\" data-sheets-value=\"{&quot;1&quot;:2,&quot;2&quot;:&quot;As women, our sexual health is very important to our overall fulfillment because women have a hard time sharing their experiences with the feeling of numbness or pain during sex which leads to low sex drive, low energy &amp; even things like prolapse. \\nSo if you are looking for fun &amp; relief to start enjoying sex \u2013 we have a solution to your problem! \\nIntroducing our FLORA ALBA \u2013 VENUS OIL SPRAY! \\nA MUST TRY PRODUCT mainly organic safe &amp; easy to use for your daily routine. \\n\\nHere some of the benefits of using FLORA ALBA VENUS OIL SPRAY: \\n1. It will increase pleasure during sex\\n2. It helps pelvic muscles to relax &amp; open up to alleviate the symptoms to enjoy more sex\\n3. It helps to stimulate the &amp; increase blood flow while potentially decrease inflammation\\n4. FLORA ALBA VENUS OIL SPRAY turns the pleasure up while turning the pain down\\n\\nFLORA ALBA OINTMENT \\nOur ointment is made of purely natural and organic materials. \\nIt contains no preservative materials. No parabens or any other chemical additives. \\nThe combination of cold pressed organic oil and other active natural ingredients. \\n\\nIt is suitable for treatment to all to all skin surface afflictions and even can be also applied by massaging and spreading in cases of muscle aches, leg and elbow pain and other kind of injuries. The ointment also treats eczema, atopic dermatitis, dry skin and contact Dermatitis in all areas of the body. \\n\\nFLORA ALBA USAGE: \\nthe ointment should be applied on the desired areas and massage gently for 20 seconds. \\nLeave it open and wait for 20 minutes, for the best absorption. usage can be repeated every 4 hours. \\nIt can be used with children over 10 years old &amp; above and also for pets. \\nNo to be used on open wounds. For external only. Keep it in a dark and cold place. It is advised not to exposed to direct sunlight after usage. \\n\\nINGREDIENTS:\\nOrganic coconut oil, organic shea butter, organic cocoa butter, organic olive oil, organic hemp oil, tea tree and other oil, vitamin E. &quot;}\" data-sheets-userformat=\"{&quot;2&quot;:897,&quot;3&quot;:{&quot;1&quot;:0},&quot;10&quot;:1,&quot;11&quot;:4,&quot;12&quot;:0}\">Zutaten:<\/span><\/h3>\n<p><span data-sheets-root=\"1\" data-sheets-value=\"{&quot;1&quot;:2,&quot;2&quot;:&quot;As women, our sexual health is very important to our overall fulfillment because women have a hard time sharing their experiences with the feeling of numbness or pain during sex which leads to low sex drive, low energy &amp; even things like prolapse. \\nSo if you are looking for fun &amp; relief to start enjoying sex \u2013 we have a solution to your problem! \\nIntroducing our FLORA ALBA \u2013 VENUS OIL SPRAY! \\nA MUST TRY PRODUCT mainly organic safe &amp; easy to use for your daily routine. \\n\\nHere some of the benefits of using FLORA ALBA VENUS OIL SPRAY: \\n1. It will increase pleasure during sex\\n2. It helps pelvic muscles to relax &amp; open up to alleviate the symptoms to enjoy more sex\\n3. It helps to stimulate the &amp; increase blood flow while potentially decrease inflammation\\n4. FLORA ALBA VENUS OIL SPRAY turns the pleasure up while turning the pain down\\n\\nFLORA ALBA OINTMENT \\nOur ointment is made of purely natural and organic materials. \\nIt contains no preservative materials. No parabens or any other chemical additives. \\nThe combination of cold pressed organic oil and other active natural ingredients. \\n\\nIt is suitable for treatment to all to all skin surface afflictions and even can be also applied by massaging and spreading in cases of muscle aches, leg and elbow pain and other kind of injuries. The ointment also treats eczema, atopic dermatitis, dry skin and contact Dermatitis in all areas of the body. \\n\\nFLORA ALBA USAGE: \\nthe ointment should be applied on the desired areas and massage gently for 20 seconds. \\nLeave it open and wait for 20 minutes, for the best absorption. usage can be repeated every 4 hours. \\nIt can be used with children over 10 years old &amp; above and also for pets. \\nNo to be used on open wounds. For external only. Keep it in a dark and cold place. It is advised not to exposed to direct sunlight after usage. \\n\\nINGREDIENTS:\\nOrganic coconut oil, organic shea butter, organic cocoa butter, organic olive oil, organic hemp oil, tea tree and other oil, vitamin E. &quot;}\" data-sheets-userformat=\"{&quot;2&quot;:897,&quot;3&quot;:{&quot;1&quot;:0},&quot;10&quot;:1,&quot;11&quot;:4,&quot;12&quot;:0}\">Bio-Kokos\u00f6l, Bio-Sheabutter, Bio-Kakaobutter, Bio-Oliven\u00f6l, Bio-Hanf\u00f6l, Teebaum- und andere \u00d6le, Vitamin E. <\/span><\/p>","protected":false},"excerpt":{"rendered":"<p><span data-sheets-root=\"1\" data-sheets-value=\"{&quot;1&quot;:2,&quot;2&quot;:&quot;As women, our sexual health is very important to our overall fulfillment because women have a hard time sharing their experiences with the feeling of numbness or pain during sex which leads to low sex drive, low energy &amp; even things like prolapse. \\nSo if you are looking for fun &amp; relief to start enjoying sex \u2013 we have a solution to your problem! \\nIntroducing our FLORA ALBA \u2013 VENUS OIL SPRAY! \\nA MUST TRY PRODUCT mainly organic safe &amp; easy to use for your daily routine. \\n\\nHere some of the benefits of using FLORA ALBA VENUS OIL SPRAY: \\n1. It will increase pleasure during sex\\n2. It helps pelvic muscles to relax &amp; open up to alleviate the symptoms to enjoy more sex\\n3. It helps to stimulate the &amp; increase blood flow while potentially decrease inflammation\\n4. FLORA ALBA VENUS OIL SPRAY turns the pleasure up while turning the pain down\\n\\nFLORA ALBA OINTMENT \\nOur ointment is made of purely natural and organic materials. \\nIt contains no preservative materials. No parabens or any other chemical additives. \\nThe combination of cold pressed organic oil and other active natural ingredients. \\n\\nIt is suitable for treatment to all to all skin surface afflictions and even can be also applied by massaging and spreading in cases of muscle aches, leg and elbow pain and other kind of injuries. The ointment also treats eczema, atopic dermatitis, dry skin and contact Dermatitis in all areas of the body. \\n\\nFLORA ALBA USAGE: \\nthe ointment should be applied on the desired areas and massage gently for 20 seconds. \\nLeave it open and wait for 20 minutes, for the best absorption. usage can be repeated every 4 hours. \\nIt can be used with children over 10 years old &amp; above and also for pets. \\nNo to be used on open wounds. For external only. Keep it in a dark and cold place. It is advised not to exposed to direct sunlight after usage. \\n\\nINGREDIENTS:\\nOrganic coconut oil, organic shea butter, organic cocoa butter, organic olive oil, organic hemp oil, tea tree and other oil, vitamin E. &quot;}\" data-sheets-userformat=\"{&quot;2&quot;:897,&quot;3&quot;:{&quot;1&quot;:0},&quot;10&quot;:1,&quot;11&quot;:4,&quot;12&quot;:0}\">F\u00fcr uns Frauen ist die sexuelle Gesundheit sehr wichtig f\u00fcr unsere allgemeine Erf\u00fcllung, denn Frauen f\u00e4llt es schwer, ihre Erfahrungen mit Taubheitsgef\u00fchlen oder Schmerzen beim Sex zu teilen, was zu geringer Libido, geringer Energie und sogar Dingen wie einem Prolaps f\u00fchren kann.<\/span><\/p>\n<p><span data-sheets-root=\"1\" data-sheets-value=\"{&quot;1&quot;:2,&quot;2&quot;:&quot;As women, our sexual health is very important to our overall fulfillment because women have a hard time sharing their experiences with the feeling of numbness or pain during sex which leads to low sex drive, low energy &amp; even things like prolapse. \\nSo if you are looking for fun &amp; relief to start enjoying sex \u2013 we have a solution to your problem! \\nIntroducing our FLORA ALBA \u2013 VENUS OIL SPRAY! \\nA MUST TRY PRODUCT mainly organic safe &amp; easy to use for your daily routine. \\n\\nHere some of the benefits of using FLORA ALBA VENUS OIL SPRAY: \\n1. It will increase pleasure during sex\\n2. It helps pelvic muscles to relax &amp; open up to alleviate the symptoms to enjoy more sex\\n3. It helps to stimulate the &amp; increase blood flow while potentially decrease inflammation\\n4. FLORA ALBA VENUS OIL SPRAY turns the pleasure up while turning the pain down\\n\\nFLORA ALBA OINTMENT \\nOur ointment is made of purely natural and organic materials. \\nIt contains no preservative materials. No parabens or any other chemical additives. \\nThe combination of cold pressed organic oil and other active natural ingredients. \\n\\nIt is suitable for treatment to all to all skin surface afflictions and even can be also applied by massaging and spreading in cases of muscle aches, leg and elbow pain and other kind of injuries. The ointment also treats eczema, atopic dermatitis, dry skin and contact Dermatitis in all areas of the body. \\n\\nFLORA ALBA USAGE: \\nthe ointment should be applied on the desired areas and massage gently for 20 seconds. \\nLeave it open and wait for 20 minutes, for the best absorption. usage can be repeated every 4 hours. \\nIt can be used with children over 10 years old &amp; above and also for pets. \\nNo to be used on open wounds. For external only. Keep it in a dark and cold place. It is advised not to exposed to direct sunlight after usage. \\n\\nINGREDIENTS:\\nOrganic coconut oil, organic shea butter, organic cocoa butter, organic olive oil, organic hemp oil, tea tree and other oil, vitamin E. &quot;}\" data-sheets-userformat=\"{&quot;2&quot;:897,&quot;3&quot;:{&quot;1&quot;:0},&quot;10&quot;:1,&quot;11&quot;:4,&quot;12&quot;:0}\">Wenn Sie also auf der Suche nach Spa\u00df und Erleichterung sind, um Sex zu genie\u00dfen, haben wir eine L\u00f6sung f\u00fcr Ihr Problem!<\/span><\/p>\n<p><span data-sheets-root=\"1\" data-sheets-value=\"{&quot;1&quot;:2,&quot;2&quot;:&quot;As women, our sexual health is very important to our overall fulfillment because women have a hard time sharing their experiences with the feeling of numbness or pain during sex which leads to low sex drive, low energy &amp; even things like prolapse. \\nSo if you are looking for fun &amp; relief to start enjoying sex \u2013 we have a solution to your problem! \\nIntroducing our FLORA ALBA \u2013 VENUS OIL SPRAY! \\nA MUST TRY PRODUCT mainly organic safe &amp; easy to use for your daily routine. \\n\\nHere some of the benefits of using FLORA ALBA VENUS OIL SPRAY: \\n1. It will increase pleasure during sex\\n2. It helps pelvic muscles to relax &amp; open up to alleviate the symptoms to enjoy more sex\\n3. It helps to stimulate the &amp; increase blood flow while potentially decrease inflammation\\n4. FLORA ALBA VENUS OIL SPRAY turns the pleasure up while turning the pain down\\n\\nFLORA ALBA OINTMENT \\nOur ointment is made of purely natural and organic materials. \\nIt contains no preservative materials. No parabens or any other chemical additives. \\nThe combination of cold pressed organic oil and other active natural ingredients. \\n\\nIt is suitable for treatment to all to all skin surface afflictions and even can be also applied by massaging and spreading in cases of muscle aches, leg and elbow pain and other kind of injuries. The ointment also treats eczema, atopic dermatitis, dry skin and contact Dermatitis in all areas of the body. \\n\\nFLORA ALBA USAGE: \\nthe ointment should be applied on the desired areas and massage gently for 20 seconds. \\nLeave it open and wait for 20 minutes, for the best absorption. usage can be repeated every 4 hours. \\nIt can be used with children over 10 years old &amp; above and also for pets. \\nNo to be used on open wounds. For external only. Keep it in a dark and cold place. It is advised not to exposed to direct sunlight after usage. \\n\\nINGREDIENTS:\\nOrganic coconut oil, organic shea butter, organic cocoa butter, organic olive oil, organic hemp oil, tea tree and other oil, vitamin E. &quot;}\" data-sheets-userformat=\"{&quot;2&quot;:897,&quot;3&quot;:{&quot;1&quot;:0},&quot;10&quot;:1,&quot;11&quot;:4,&quot;12&quot;:0}\">Wir stellen unser FLORA ALBA \u2013 VENUS\u00d6LSPRAY vor!<\/span><\/p>\n<p><span data-sheets-root=\"1\" data-sheets-value=\"{&quot;1&quot;:2,&quot;2&quot;:&quot;As women, our sexual health is very important to our overall fulfillment because women have a hard time sharing their experiences with the feeling of numbness or pain during sex which leads to low sex drive, low energy &amp; even things like prolapse. \\nSo if you are looking for fun &amp; relief to start enjoying sex \u2013 we have a solution to your problem! \\nIntroducing our FLORA ALBA \u2013 VENUS OIL SPRAY! \\nA MUST TRY PRODUCT mainly organic safe &amp; easy to use for your daily routine. \\n\\nHere some of the benefits of using FLORA ALBA VENUS OIL SPRAY: \\n1. It will increase pleasure during sex\\n2. It helps pelvic muscles to relax &amp; open up to alleviate the symptoms to enjoy more sex\\n3. It helps to stimulate the &amp; increase blood flow while potentially decrease inflammation\\n4. FLORA ALBA VENUS OIL SPRAY turns the pleasure up while turning the pain down\\n\\nFLORA ALBA OINTMENT \\nOur ointment is made of purely natural and organic materials. \\nIt contains no preservative materials. No parabens or any other chemical additives. \\nThe combination of cold pressed organic oil and other active natural ingredients. \\n\\nIt is suitable for treatment to all to all skin surface afflictions and even can be also applied by massaging and spreading in cases of muscle aches, leg and elbow pain and other kind of injuries. The ointment also treats eczema, atopic dermatitis, dry skin and contact Dermatitis in all areas of the body. \\n\\nFLORA ALBA USAGE: \\nthe ointment should be applied on the desired areas and massage gently for 20 seconds. \\nLeave it open and wait for 20 minutes, for the best absorption. usage can be repeated every 4 hours. \\nIt can be used with children over 10 years old &amp; above and also for pets. \\nNo to be used on open wounds. For external only. Keep it in a dark and cold place. It is advised not to exposed to direct sunlight after usage. \\n\\nINGREDIENTS:\\nOrganic coconut oil, organic shea butter, organic cocoa butter, organic olive oil, organic hemp oil, tea tree and other oil, vitamin E. &quot;}\" data-sheets-userformat=\"{&quot;2&quot;:897,&quot;3&quot;:{&quot;1&quot;:0},&quot;10&quot;:1,&quot;11&quot;:4,&quot;12&quot;:0}\">EIN PRODUKT, DAS SIE UNBEDINGT AUSPROBIEREN M\u00dcSSEN. Es ist \u00fcberwiegend biologisch angebaut und sicher und l\u00e4sst sich im Alltag einfach verwenden.<\/span><\/p>","protected":false},"featured_media":506,"template":"","meta":{"_glsr_average":5,"_glsr_ranking":3.75,"_glsr_reviews":2},"product_brand":[],"product_cat":[22],"product_tag":[],"class_list":{"0":"post-497","1":"product","2":"type-product","3":"status-publish","4":"has-post-thumbnail","6":"product_cat-uncategorized","8":"first","9":"instock","10":"shipping-taxable","11":"purchasable","12":"product-type-simple"},"_links":{"self":[{"href":"https:\/\/flora-alba.ca\/de\/wp-json\/wp\/v2\/product\/497","targetHints":{"allow":["GET"]}}],"collection":[{"href":"https:\/\/flora-alba.ca\/de\/wp-json\/wp\/v2\/product"}],"about":[{"href":"https:\/\/flora-alba.ca\/de\/wp-json\/wp\/v2\/types\/product"}],"wp:featuredmedia":[{"embeddable":true,"href":"https:\/\/flora-alba.ca\/de\/wp-json\/wp\/v2\/media\/506"}],"wp:attachment":[{"href":"https:\/\/flora-alba.ca\/de\/wp-json\/wp\/v2\/media?parent=497"}],"wp:term":[{"taxonomy":"product_brand","embeddable":true,"href":"https:\/\/flora-alba.ca\/de\/wp-json\/wp\/v2\/product_brand?post=497"},{"taxonomy":"product_cat","embeddable":true,"href":"https:\/\/flora-alba.ca\/de\/wp-json\/wp\/v2\/product_cat?post=497"},{"taxonomy":"product_tag","embeddable":true,"href":"https:\/\/flora-alba.ca\/de\/wp-json\/wp\/v2\/product_tag?post=497"}],"curies":[{"name":"wp","href":"https:\/\/api.w.org\/{rel}","templated":true}]}}