{"id":495,"date":"2024-03-13T18:55:16","date_gmt":"2024-03-13T18:55:16","guid":{"rendered":"https:\/\/flora-alba.ca\/?post_type=product&#038;p=495"},"modified":"2024-11-02T01:03:15","modified_gmt":"2024-11-02T01:03:15","slug":"organic-chocolate-lipstick","status":"publish","type":"product","link":"https:\/\/flora-alba.ca\/de\/produkt\/organic-chocolate-lipstick\/","title":{"rendered":"Medizinischer Bio-Lippenstift mit Schokolade"},"content":{"rendered":"<p>Hauptmerkmale:<\/p>\n<ol>\n<li><strong data-entity-type=\"MessageEntityBold\">Tiefe Pflege: <\/strong>Reichhaltige Sheabutter und organische \u00d6le kombinieren sich, um unvergleichliche Feuchtigkeit zu bieten, die trockene, rissige Lippen beruhigt und verj\u00fcngt.<\/li>\n<li><strong data-entity-type=\"MessageEntityBold\">Nat\u00fcrliche, zarte Sch\u00f6nheit: <\/strong>Erleben Sie den subtilen Reiz der Natur, w\u00e4hrend dieser Lippenstift Ihren Lippen einen nat\u00fcrlichen Glanz verleiht, mit einem Hauch von Geschmack, der aus n\u00e4hrender Sheabutter stammt.<\/li>\n<li><strong data-entity-type=\"MessageEntityBold\">Schutz und Verj\u00fcngung: <\/strong>Sch\u00fctzen Sie Ihre Lippen vor \u00e4u\u00dferen Einfl\u00fcssen, f\u00f6rdern Sie ihre Gesundheit und Elastizit\u00e4t und gew\u00e4hrleisten Sie Helligkeit und Verj\u00fcngung.<\/li>\n<li><strong data-entity-type=\"MessageEntityBold\">Reine und nat\u00fcrliche Formel: <\/strong>Frei von aggressiven Chemikalien, k\u00fcnstlichen Farbstoffen und Duftstoffen, garantiert unser Lippenstift eine sorgenfreie Anwendung und hinterl\u00e4sst Ihnen weiche, gepflegte Lippen.<\/li>\n<\/ol>\n<p>Bringen Sie Ihre Lippenpflege mit dem Organic Medical Lipstick von Flora Alba auf ein neues Niveau und entdecken Sie die transformative Kraft nat\u00fcrlicher Inhaltsstoffe. G\u00f6nnen Sie Ihren Lippen die Pflege, die sie verdienen.<\/p>\n<p>Zutaten: Bio-Kokos\u00f6l, Bio-Oliven\u00f6l, Bio-Mandel\u00f6l, Bio-Kakaobutter, Bio-Sheabutter, dunkle Schokolade, Vitamin E, \u00e4therische \u00d6le, Teebaum.<\/p>","protected":false},"excerpt":{"rendered":"<p><span data-sheets-root=\"1\" data-sheets-value=\"{&quot;1&quot;:2,&quot;2&quot;:&quot;Indulge in the ultimate treat for your lips! Flora Alba's Organic Medical Lipstick with Chocolate combines decadent flavor with deeply nourishing ingredients for a truly luxurious experience.\\r\\n\\r\\nDelicious Chocolate Flavor: Savor the rich taste of chocolate with every application.\\r\\n\\r\\nIntense Hydration: Cocoa butter and shea butter melt into your lips, combating dryness and chapping for lasting softness.\\r\\n\\r\\nTimeless, Radiant Shade: The universally flattering chocolate hue adds a touch of sophistication to your look, perfect for any occasion.\\r\\n\\r\\nNourishing &amp; Protective: Organic ingredients deliver essential nutrients to promote healthy, beautiful lips.\\r\\n\\r\\nExperience the difference with Flora Alba's Organic Medical Lipstick with Chocolate. Your lips will thank you!&quot;}\" data-sheets-userformat=\"{&quot;2&quot;:897,&quot;3&quot;:{&quot;1&quot;:0},&quot;10&quot;:1,&quot;11&quot;:4,&quot;12&quot;:0}\">G\u00f6nnen Sie Ihren Lippen das Umarmen der Natur mit dem Organic Medical Lipstick von Flora Alba. Angereichert mit den feinsten organischen Inhaltsstoffen, bietet dieser Lippenstift intensive Feuchtigkeit und einen nat\u00fcrlichen, strahlenden Glanz.<\/span><\/p>","protected":false},"featured_media":392,"template":"","meta":{"_glsr_average":0,"_glsr_ranking":0,"_glsr_reviews":0},"product_brand":[],"product_cat":[22],"product_tag":[],"class_list":{"0":"post-495","1":"product","2":"type-product","3":"status-publish","4":"has-post-thumbnail","6":"product_cat-uncategorized","8":"first","9":"instock","10":"shipping-taxable","11":"purchasable","12":"product-type-simple"},"_links":{"self":[{"href":"https:\/\/flora-alba.ca\/de\/wp-json\/wp\/v2\/product\/495","targetHints":{"allow":["GET"]}}],"collection":[{"href":"https:\/\/flora-alba.ca\/de\/wp-json\/wp\/v2\/product"}],"about":[{"href":"https:\/\/flora-alba.ca\/de\/wp-json\/wp\/v2\/types\/product"}],"wp:featuredmedia":[{"embeddable":true,"href":"https:\/\/flora-alba.ca\/de\/wp-json\/wp\/v2\/media\/392"}],"wp:attachment":[{"href":"https:\/\/flora-alba.ca\/de\/wp-json\/wp\/v2\/media?parent=495"}],"wp:term":[{"taxonomy":"product_brand","embeddable":true,"href":"https:\/\/flora-alba.ca\/de\/wp-json\/wp\/v2\/product_brand?post=495"},{"taxonomy":"product_cat","embeddable":true,"href":"https:\/\/flora-alba.ca\/de\/wp-json\/wp\/v2\/product_cat?post=495"},{"taxonomy":"product_tag","embeddable":true,"href":"https:\/\/flora-alba.ca\/de\/wp-json\/wp\/v2\/product_tag?post=495"}],"curies":[{"name":"wp","href":"https:\/\/api.w.org\/{rel}","templated":true}]}}