{"id":485,"date":"2024-03-04T16:21:30","date_gmt":"2024-03-04T16:21:30","guid":{"rendered":"https:\/\/flora-alba.ca\/?post_type=product&#038;p=485"},"modified":"2024-09-12T18:08:22","modified_gmt":"2024-09-12T18:08:22","slug":"full-spectrum-cream","status":"publish","type":"product","link":"https:\/\/flora-alba.ca\/de\/produkt\/full-spectrum-cream\/","title":{"rendered":"ALBA SALBE: CREMA FLORA ALBA"},"content":{"rendered":"<p>Sie eignet sich zur Behandlung verschiedener Hauterkrankungen und kann durch sanfte Massage bei Muskelschmerzen, Schmerzen in Beinen und Ellenbogen und anderen Verletzungen angewendet werden. Die Creme wirkt auch gegen Ekzeme, atopische Dermatitis, trockene Haut und Kontaktdermatitis am ganzen K\u00f6rper. Dar\u00fcber hinaus unterst\u00fctzt sie die Heilung von Verbrennungen, reduziert Narben nach Operationen, reduziert Falten und f\u00f6rdert die Regeneration der Hautzellen.<\/p>\n<p>Die Creme ist bis zu f\u00fcnfmal st\u00e4rker konzentriert als die meisten hochkonzentrierten Cremes oder Salben. Daher sollte sie f\u00fcr optimale Ergebnisse sparsam verwendet werden. Es wird empfohlen, sie abends vor dem Schlafengehen aufzutragen, damit sie ausreichend Zeit zum Einziehen hat.<\/p>\n<p>&nbsp;<\/p>\n<p><strong>GEBRAUCHSANWEISUNG:<\/strong><\/p>\n<p>Tragen Sie die Creme auf die gew\u00fcnschten Stellen auf und massieren Sie sie 20 Sekunden lang sanft ein.<\/p>\n<p>Lassen Sie es offen stehen und warten Sie 20 Minuten, bis es optimal eingezogen ist. Wiederholen Sie die Anwendung bei Bedarf alle 4 Stunden.<\/p>\n<p>Geeignet f\u00fcr Kinder ab 10 Jahren und Haustiere. Nicht auf offenen Wunden anwenden. Nur zur \u00e4u\u00dferlichen Anwendung. An einem k\u00fchlen, dunklen Ort aufbewahren. Direkte Sonneneinstrahlung nach der Anwendung vermeiden.<\/p>\n<p><strong>ZUTATEN:<\/strong><\/p>\n<p>Bio-Oliven\u00f6l, Bio-Hanf\u00f6l, Bio-Kokos\u00f6l, Bio-Sheabutter, Bio-Kakaobutter, Vitamin E.<\/p>","protected":false},"excerpt":{"rendered":"<p>Unsere Salbe wird ausschlie\u00dflich aus nat\u00fcrlichen und biologischen Zutaten hergestellt. Sie ist frei von Konservierungsstoffen, Parabenen und anderen chemischen Zus\u00e4tzen.<\/p>\n<p>Die Mischung aus kaltgepressten Bio-\u00d6len und anderen aktiven nat\u00fcrlichen Inhaltsstoffen macht sie \u00e4u\u00dferst wirksam.<\/p>","protected":false},"featured_media":442,"template":"","meta":{"_glsr_average":5,"_glsr_ranking":3.6363636363636,"_glsr_reviews":1},"product_brand":[],"product_cat":[22],"product_tag":[],"class_list":{"0":"post-485","1":"product","2":"type-product","3":"status-publish","4":"has-post-thumbnail","6":"product_cat-uncategorized","8":"first","9":"instock","10":"shipping-taxable","11":"purchasable","12":"product-type-simple"},"_links":{"self":[{"href":"https:\/\/flora-alba.ca\/de\/wp-json\/wp\/v2\/product\/485","targetHints":{"allow":["GET"]}}],"collection":[{"href":"https:\/\/flora-alba.ca\/de\/wp-json\/wp\/v2\/product"}],"about":[{"href":"https:\/\/flora-alba.ca\/de\/wp-json\/wp\/v2\/types\/product"}],"wp:featuredmedia":[{"embeddable":true,"href":"https:\/\/flora-alba.ca\/de\/wp-json\/wp\/v2\/media\/442"}],"wp:attachment":[{"href":"https:\/\/flora-alba.ca\/de\/wp-json\/wp\/v2\/media?parent=485"}],"wp:term":[{"taxonomy":"product_brand","embeddable":true,"href":"https:\/\/flora-alba.ca\/de\/wp-json\/wp\/v2\/product_brand?post=485"},{"taxonomy":"product_cat","embeddable":true,"href":"https:\/\/flora-alba.ca\/de\/wp-json\/wp\/v2\/product_cat?post=485"},{"taxonomy":"product_tag","embeddable":true,"href":"https:\/\/flora-alba.ca\/de\/wp-json\/wp\/v2\/product_tag?post=485"}],"curies":[{"name":"wp","href":"https:\/\/api.w.org\/{rel}","templated":true}]}}