{"id":484,"date":"2024-03-04T16:00:34","date_gmt":"2024-03-04T16:00:34","guid":{"rendered":"https:\/\/flora-alba.ca\/?post_type=product&#038;p=484"},"modified":"2024-09-12T18:23:17","modified_gmt":"2024-09-12T18:23:17","slug":"therapeutic-peeling-soap-of-the-dead-sea","status":"publish","type":"product","link":"https:\/\/flora-alba.ca\/de\/produkt\/therapeutic-peeling-soap-of-the-dead-sea\/","title":{"rendered":"Therapeutische Peelingseife aus dem Toten Meer"},"content":{"rendered":"<h4><span data-sheets-root=\"1\" data-sheets-value=\"{&quot;1&quot;:2,&quot;2&quot;:&quot;\\&quot;Escape to a world of revitalized skin with Flora Alba's Therapeutic Peeling Soap of the Dead Sea. This extraordinary soap harnesses the power of Dead Sea minerals to gently exfoliate, promote healing, and deliver deep cleansing for balanced, beautifully renewed skin.\\n\\nKey Benefits:\\n\\nBalances and purifies: Rich in minerals, our soap absorbs excess oils and impurities, leaving your skin perfectly clean and refreshed.\\n\\nNourishes and heals: The unique mineral blend helps soothe and promote skin regeneration for a revitalized, healthy glow.\\n\\nGently exfoliates: Fine Dead Sea salt crystals provide a gentle peeling action, revealing smoother, softer skin.\\n\\nA sense of tranquility: Experience a feeling of cleanliness, renewal, and calm with every use.\\n\\nSay goodbye to excess oil with our HEMP soap!\\n\\nIf your skin feels dry or slightly sticky after using our Therapeutic Peeling Soap, don't worry! This indicates a thorough cleanse, removing excess oil. With continued use, your skin's natural oil balance will regulate, and the dryness will subside.\\n\\nEmbrace the power of nature. Choose Flora Alba!&quot;}\" data-sheets-userformat=\"{&quot;2&quot;:897,&quot;3&quot;:{&quot;1&quot;:0},&quot;10&quot;:1,&quot;11&quot;:4,&quot;12&quot;:0}\">Hauptvorteile:<\/span><\/h4>\n<ul>\n<li><span data-sheets-root=\"1\" data-sheets-value=\"{&quot;1&quot;:2,&quot;2&quot;:&quot;\\&quot;Escape to a world of revitalized skin with Flora Alba's Therapeutic Peeling Soap of the Dead Sea. This extraordinary soap harnesses the power of Dead Sea minerals to gently exfoliate, promote healing, and deliver deep cleansing for balanced, beautifully renewed skin.\\n\\nKey Benefits:\\n\\nBalances and purifies: Rich in minerals, our soap absorbs excess oils and impurities, leaving your skin perfectly clean and refreshed.\\n\\nNourishes and heals: The unique mineral blend helps soothe and promote skin regeneration for a revitalized, healthy glow.\\n\\nGently exfoliates: Fine Dead Sea salt crystals provide a gentle peeling action, revealing smoother, softer skin.\\n\\nA sense of tranquility: Experience a feeling of cleanliness, renewal, and calm with every use.\\n\\nSay goodbye to excess oil with our HEMP soap!\\n\\nIf your skin feels dry or slightly sticky after using our Therapeutic Peeling Soap, don't worry! This indicates a thorough cleanse, removing excess oil. With continued use, your skin's natural oil balance will regulate, and the dryness will subside.\\n\\nEmbrace the power of nature. Choose Flora Alba!&quot;}\" data-sheets-userformat=\"{&quot;2&quot;:897,&quot;3&quot;:{&quot;1&quot;:0},&quot;10&quot;:1,&quot;11&quot;:4,&quot;12&quot;:0}\">Wirkt ausgleichend und reinigt: Unsere mineralstoffreiche Seife absorbiert \u00fcbersch\u00fcssige \u00d6le und Unreinheiten und hinterl\u00e4sst Ihre Haut perfekt sauber und erfrischt.<\/span><\/li>\n<li>N\u00e4hrt und heilt: Die einzigartige Mineralienmischung beruhigt und f\u00f6rdert die Hautregeneration f\u00fcr ein revitalisiertes, gesundes Strahlen.<\/li>\n<li>Sanftes Peeling: Feine Salzkristalle aus dem Toten Meer sorgen f\u00fcr eine sanfte Peeling-Wirkung und bringen glattere, weichere Haut zum Vorschein.<\/li>\n<li>Ein Gef\u00fchl der Ruhe: Erleben Sie bei jeder Anwendung ein Gef\u00fchl von Sauberkeit, Erneuerung und Ruhe.<\/li>\n<\/ul>\n<p><strong>Verabschieden Sie sich von \u00fcbersch\u00fcssigem \u00d6l mit unserer Hanfseife!<\/strong><\/p>\n<p>Wenn sich Ihre Haut nach der Anwendung unserer Therapeutic Peeling Soap trocken oder leicht klebrig anf\u00fchlt, machen Sie sich keine Sorgen! Dies deutet auf eine gr\u00fcndliche Reinigung hin, bei der \u00fcbersch\u00fcssiges \u00d6l entfernt wurde. Bei fortgesetzter Anwendung reguliert sich der nat\u00fcrliche \u00d6lhaushalt Ihrer Haut und die Trockenheit l\u00e4sst nach.<\/p>\n<p><strong>Nutzen Sie die Kraft der Natur. Entscheiden Sie sich f\u00fcr Flora Alba!<\/strong><\/p>","protected":false},"excerpt":{"rendered":"<p><span data-sheets-root=\"1\" data-sheets-value=\"{&quot;1&quot;:2,&quot;2&quot;:&quot;\\&quot;Escape to a world of revitalized skin with Flora Alba's Therapeutic Peeling Soap of the Dead Sea. This extraordinary soap harnesses the power of Dead Sea minerals to gently exfoliate, promote healing, and deliver deep cleansing for balanced, beautifully renewed skin.\\n\\nKey Benefits:\\n\\nBalances and purifies: Rich in minerals, our soap absorbs excess oils and impurities, leaving your skin perfectly clean and refreshed.\\n\\nNourishes and heals: The unique mineral blend helps soothe and promote skin regeneration for a revitalized, healthy glow.\\n\\nGently exfoliates: Fine Dead Sea salt crystals provide a gentle peeling action, revealing smoother, softer skin.\\n\\nA sense of tranquility: Experience a feeling of cleanliness, renewal, and calm with every use.\\n\\nSay goodbye to excess oil with our HEMP soap!\\n\\nIf your skin feels dry or slightly sticky after using our Therapeutic Peeling Soap, don't worry! This indicates a thorough cleanse, removing excess oil. With continued use, your skin's natural oil balance will regulate, and the dryness will subside.\\n\\nEmbrace the power of nature. Choose Flora Alba!&quot;}\" data-sheets-userformat=\"{&quot;2&quot;:897,&quot;3&quot;:{&quot;1&quot;:0},&quot;10&quot;:1,&quot;11&quot;:4,&quot;12&quot;:0}\">Entfliehen Sie in eine Welt revitalisierter Haut mit Flora Albas therapeutischer Peelingseife aus dem Toten Meer. Diese au\u00dfergew\u00f6hnliche Seife nutzt die Kraft der Mineralien des Toten Meeres, um sanft zu peelen, die Heilung zu f\u00f6rdern und eine Tiefenreinigung f\u00fcr eine ausgeglichene, wundersch\u00f6n erneuerte Haut zu erzielen.<\/span><\/p>","protected":false},"featured_media":441,"template":"","meta":{"_glsr_average":0,"_glsr_ranking":0,"_glsr_reviews":0},"product_brand":[],"product_cat":[22],"product_tag":[],"class_list":{"0":"post-484","1":"product","2":"type-product","3":"status-publish","4":"has-post-thumbnail","6":"product_cat-uncategorized","8":"first","9":"instock","10":"shipping-taxable","11":"purchasable","12":"product-type-simple"},"_links":{"self":[{"href":"https:\/\/flora-alba.ca\/de\/wp-json\/wp\/v2\/product\/484","targetHints":{"allow":["GET"]}}],"collection":[{"href":"https:\/\/flora-alba.ca\/de\/wp-json\/wp\/v2\/product"}],"about":[{"href":"https:\/\/flora-alba.ca\/de\/wp-json\/wp\/v2\/types\/product"}],"wp:featuredmedia":[{"embeddable":true,"href":"https:\/\/flora-alba.ca\/de\/wp-json\/wp\/v2\/media\/441"}],"wp:attachment":[{"href":"https:\/\/flora-alba.ca\/de\/wp-json\/wp\/v2\/media?parent=484"}],"wp:term":[{"taxonomy":"product_brand","embeddable":true,"href":"https:\/\/flora-alba.ca\/de\/wp-json\/wp\/v2\/product_brand?post=484"},{"taxonomy":"product_cat","embeddable":true,"href":"https:\/\/flora-alba.ca\/de\/wp-json\/wp\/v2\/product_cat?post=484"},{"taxonomy":"product_tag","embeddable":true,"href":"https:\/\/flora-alba.ca\/de\/wp-json\/wp\/v2\/product_tag?post=484"}],"curies":[{"name":"wp","href":"https:\/\/api.w.org\/{rel}","templated":true}]}}